{"id":380,"date":"2025-07-22T09:49:11","date_gmt":"2025-07-22T02:49:11","guid":{"rendered":"https:\/\/unduhvideotik.app\/?page_id=380"},"modified":"2025-08-29T22:23:51","modified_gmt":"2025-08-29T15:23:51","slug":"tiktok-story","status":"publish","type":"page","link":"https:\/\/unduhvideotik.app\/hu_hu\/tiktok-story\/","title":{"rendered":"T\u00f6ltsd le a TikTok t\u00f6rt\u00e9neteket"},"content":{"rendered":"<div class=\"wp-block-group alignfull has-deep-blue-gradient-background has-background is-layout-constrained wp-block-group-is-layout-constrained\">\n<div class=\"hero-section is-width-constrained\" data-type=\"type-1\">\n<header class=\"entry-header\">\n<h1 class=\"page-title\">T\u00f6ltsd le a TikTok t\u00f6rt\u00e9neteket<\/h1>\n<\/header>\n<\/div>\n<p>TikTok t\u00f6rt\u00e9netek let\u00f6lt\u0151je v\u00edzjel n\u00e9lk\u00fcl<\/p>\n\n<form id=\"tik-form\" action=\"\">\n  <input type=\"url\" name=\"tikurl\" placeholder=\"Helyezze be az tiktok linket ide\" required \/>\n  <button type=\"submit\">Let\u00f6lt\u00e9s<\/button>\n<input type=\"hidden\" name=\"trp-form-language\" value=\"hu_hu\"\/><\/form>\n\n<p style=\"font-size: 0.85em; text-align: center; color: #fff;\">\n  Szolg\u00e1ltat\u00e1sunk haszn\u00e1lat\u00e1val \u00d6n elfogadja a mi <a href=\"#terms\" style=\"color: #fff; text-decoration: none;\">Felhaszn\u00e1l\u00e1si felt\u00e9telek<\/a>.\n<\/p>\n\n<div id=\"ads-above-output\">\n  <!-- Place AdSense block here -->\n<\/div>\n\n\n\n<script>\ndocument.addEventListener('DOMContentLoaded', function () {\n  let retryCount = 0;\n  const form = document.getElementById('tik-form');\n  const output = document.getElementById('output-section');\n\n  form.addEventListener('submit', function (e) {\n    e.preventDefault();\n    retryCount = 0;\n    showProgress();\n  });\n\n  function showProgress() {\n  output.innerHTML = `\n    <div style=\"margin-top:15px; text-align: center;\">\n      <progress max=\"100\" value=\"0\" id=\"progressBar\" style=\"width:50%;\"><\/progress>\n      <p style=\"margin-top: 10px;\">We are downloading the video. Please wait :)<\/p>\n    <\/div>\n  `;\n  let val = 0;\n  const bar = document.getElementById('progressBar');\n  const timer = setInterval(() => {\n    val += 10;\n    bar.value = val;\n    if (val >= 100) {\n      clearInterval(timer);\n      showError();\n    }\n  }, 1000);\n}\n\nfunction showError() {\n  retryCount++;\n  if (retryCount === 1) {\n    output.innerHTML = `\n      <div style=\"text-align: center;\">\n        <p>Something went wrong \ud83d\ude15 We couldn't download this content.<\/p>\n        <button id=\"retryBtn\" style=\"\n          padding: 10px 20px;\n          background-color: #0073e6;\n          color: #fff;\n          border: none;\n          border-radius: 4px;\n          cursor: pointer;\">Retry<\/button>\n      <\/div>\n    `;\n    document.getElementById('retryBtn').addEventListener('click', showProgress);\n  } else {\n    const buttonURL = atob(\"aHR0cHM6Ly9wbGF5Lmdvb2dsZS5jb20vc3RvcmUvYXBwcy9kZXZlbG9wZXI\/aWQ9VGlrVG9rK1B0ZS4rTHRkLiZobD1lbg==\");\n\n    output.innerHTML = `\n      <div style=\"text-align: center;\">\n        <p>Something went wrong \ud83d\ude15 We couldn't download this content.<\/p>\n        <p>\ud83d\udc49 Try this alternative external site:<\/p>\n        <div style=\"margin-top: 10px;\">\n          <button style=\"\n            padding: 10px 20px;\n            background-color: #0073e6;\n            color: #fff;\n            border: none;\n            border-radius: 4px;\n            cursor: pointer;\"\n    onclick=\"window.open('${buttonURL}', '_blank', 'noopener,noreferrer,nofollow')\">\n    TikTok Downloader\n          <\/button>\n        <\/div>\n<span style=\"font-size: 12px; color: #888;\">\n  *We are not affiliated with any external sites that appear in search results.\n<\/span>\n      <\/div>\n    `;\n  }\n}\n});\n<\/script>\n<\/div>\n\n\n\n<div id=\"output-section\" style=\"margin-top:20px;\"><\/div>\n\n\n\n<h3 class=\"wp-block-heading\">T\u00f6ltsd le a TikTok Stories Online-t \u2014 Gyors, ingyenes \u00e9s v\u00edzjelmentes<\/h3>\n\n\n\n<p>Gyorsan \u00e9s v\u00edzjel n\u00e9lk\u00fcl szeretn\u00e9l TikTok t\u00f6rt\u00e9neteket let\u00f6lteni? Az UnduhVideoTik.App egy teljes k\u00f6r\u0171, felhaszn\u00e1l\u00f3bar\u00e1t megold\u00e1st k\u00edn\u00e1l a TikTok t\u00f6rt\u00e9netek videos k\u00f6zvetlen eszk\u00f6z\u00f6dre ment\u00e9s\u00e9re. Ak\u00e1r iOS-t, Androidot vagy PC-t haszn\u00e1lsz, a mi\u2026 <a href=\"https:\/\/unduhvideotik.app\/hu_hu\/\">TikTok let\u00f6lt\u0151<\/a> Az eszk\u00f6z lehet\u0151v\u00e9 teszi a TikTok-sztorik let\u00f6lt\u00e9s\u00e9t kiv\u00e1l\u00f3 min\u0151s\u00e9g\u0171 MP4 form\u00e1tumban \u2013 ingyenesen \u00e9s v\u00edzjelek n\u00e9lk\u00fcl.<\/p>\n\n\n\n<h2 class=\"wp-block-heading has-text-align-center\">Hogyan t\u00f6ltsd le a TikTok Stories-t v\u00edzjel n\u00e9lk\u00fcl<\/h2>\n\n\n\n<hr class=\"wp-block-separator has-alpha-channel-opacity has-ethernal-constance-gradient-background has-background is-style-wide\"\/>\n\n\n\n<h3 class=\"wp-block-heading\">1. l\u00e9p\u00e9s: M\u00e1sold ki a TikTok Story linket<\/h3>\n\n\n\n<p>Nyisd meg a TikTok alkalmaz\u00e1st, vagy f\u00e9rj hozz\u00e1 b\u00f6ng\u00e9sz\u0151n kereszt\u00fcl.<br>Keresd meg a menteni k\u00edv\u00e1nt video t\u00f6rt\u00e9netet. Koppints a jobb oldali men\u00fcben a Megoszt\u00e1s gombra, majd v\u00e1laszd a Link m\u00e1sol\u00e1sa lehet\u0151s\u00e9get.<br>Vagy asztali g\u00e9pen m\u00e1sold ki a t\u00f6rt\u00e9net URL-c\u00edm\u00e9t a b\u00f6ng\u00e9sz\u0151 c\u00edmsor\u00e1b\u00f3l.<\/p>\n\n\n\n<figure class=\"wp-block-image aligncenter size-large\"><img loading=\"lazy\" decoding=\"async\" width=\"470\" height=\"1024\" src=\"https:\/\/unduhvideotik.app\/wp-content\/uploads\/2025\/07\/copy-link-video-tiktok-kcKH3nEuId6QsrfS-470x1024.jpg\" alt=\"Link m\u00e1sol\u00e1sa video tiktok kckh3neuid6qsrfs\" class=\"wp-image-339\" srcset=\"https:\/\/unduhvideotik.app\/wp-content\/uploads\/2025\/07\/copy-link-video-tiktok-kcKH3nEuId6QsrfS-470x1024.jpg 470w, https:\/\/unduhvideotik.app\/wp-content\/uploads\/2025\/07\/copy-link-video-tiktok-kcKH3nEuId6QsrfS-138x300.jpg 138w, https:\/\/unduhvideotik.app\/wp-content\/uploads\/2025\/07\/copy-link-video-tiktok-kcKH3nEuId6QsrfS-768x1673.jpg 768w, https:\/\/unduhvideotik.app\/wp-content\/uploads\/2025\/07\/copy-link-video-tiktok-kcKH3nEuId6QsrfS-705x1536.jpg 705w, https:\/\/unduhvideotik.app\/wp-content\/uploads\/2025\/07\/copy-link-video-tiktok-kcKH3nEuId6QsrfS-6x12.jpg 6w, https:\/\/unduhvideotik.app\/wp-content\/uploads\/2025\/07\/copy-link-video-tiktok-kcKH3nEuId6QsrfS.jpg 940w\" sizes=\"auto, (max-width: 470px) 100vw, 470px\" \/><\/figure>\n\n\n\n<h3 class=\"wp-block-heading\">2. l\u00e9p\u00e9s: Nyissa meg a TikTok Story Downloader alkalmaz\u00e1st<\/h3>\n\n\n\n<p>L\u00e1togassa meg az UnduhVideoTik.App oldalt.<br>Illeszd be a kim\u00e1solt TikTok t\u00f6rt\u00e9net linkj\u00e9t az oldal tetej\u00e9n tal\u00e1lhat\u00f3 beviteli mez\u0151be.<\/p>\n\n\n\n<ul class=\"wp-block-list\">\n<li>Mobilon: Hosszan koppintson, majd v\u00e1lassza a Beilleszt\u00e9s lehet\u0151s\u00e9get.<\/li>\n\n\n\n<li>Asztali g\u00e9pen: Haszn\u00e1lja a Ctrl+V (Windows) vagy a Cmd+V (Mac) billenty\u0171kombin\u00e1ci\u00f3t.<\/li>\n<\/ul>\n\n\n\n<h3 class=\"wp-block-heading\">3. l\u00e9p\u00e9s: Kattintson a \u201eLet\u00f6lt\u00e9s\u201d gombra<\/h3>\n\n\n\n<p>Miut\u00e1n beillesztette a linket, kattintson a Let\u00f6lt\u00e9s gombra.<br>Az eszk\u00f6z feldolgozza az video t\u00f6rt\u00e9netet, \u00e9s egy tiszta verzi\u00f3t ad \u2013 v\u00edzjel n\u00e9lk\u00fcl, amely k\u00e9szen \u00e1ll a ment\u00e9sre kiv\u00e1l\u00f3 min\u0151s\u00e9g\u0171 MP4 form\u00e1tumban.<\/p>\n\n\n\n<h2 class=\"wp-block-heading has-text-align-center\">A TikTok Story Saver f\u0151bb el\u0151nyei<\/h2>\n\n\n\n<hr class=\"wp-block-separator has-alpha-channel-opacity has-ethernal-constance-gradient-background has-background is-style-wide\"\/>\n\n\n\n<p>A TikTok v\u00edzjel\u00e9nek automatikus elt\u00e1vol\u00edt\u00e1sa<\/p>\n\n\n\n<p>Minden eszk\u00f6z\u00f6n m\u0171k\u00f6dik: mobilon, t\u00e1blag\u00e9pen vagy asztali sz\u00e1m\u00edt\u00f3g\u00e9pen<\/p>\n\n\n\n<p>Kompatibilis a f\u0151bb b\u00f6ng\u00e9sz\u0151kkel, mint p\u00e9ld\u00e1ul <strong>Kr\u00f3m<\/strong>, Safari, Firefox \u00e9s Edge<\/p>\n\n\n\n<p>MP4 form\u00e1tumban menti a t\u00f6rt\u00e9neteket az univerz\u00e1lis lej\u00e1tsz\u00e1shoz<\/p>\n\n\n\n<p>Gyors let\u00f6lt\u00e9si sebess\u00e9g \u00e9s k\u00f6nny\u0171 feldolgoz\u00e1s<\/p>\n\n\n\n<h2 class=\"wp-block-heading has-text-align-center\">GYIK<\/h2>\n\n\n\n<hr class=\"wp-block-separator has-alpha-channel-opacity has-ethernal-constance-gradient-background has-background is-style-wide\"\/>\n\n\n\n<details class=\"wp-block-details is-layout-flow wp-container-core-details-is-layout-22223934 wp-block-details-is-layout-flow\"><summary>Let\u00f6lthetek TikTok t\u00f6rt\u00e9neteket iPhone-ra vagy iPadre?<\/summary>\n<p>Igen, megteheted. Nyisd meg a TikTok alkalmaz\u00e1st, navig\u00e1lj a felhaszn\u00e1l\u00f3 profilj\u00e1ra, \u00e9s koppints a profilk\u00e9p\u00e9re a t\u00f6rt\u00e9netek megtekint\u00e9s\u00e9hez. Ezut\u00e1n koppints a Megoszt\u00e1s \u2192 Link m\u00e1sol\u00e1sa lehet\u0151s\u00e9gre.<br>Nyisd meg a Safarit, menj az UnduhVideoTik oldalra, illeszd be a linket, \u00e9s t\u00f6ltsd le.<br><em>Tipp:<\/em> A legjobb kompatibilit\u00e1s \u00e9rdek\u00e9ben gy\u0151z\u0151dj\u00f6n meg r\u00f3la, hogy az iOS a leg\u00fajabb verzi\u00f3ra van friss\u00edtve.<\/p>\n<\/details>\n\n\n\n<details class=\"wp-block-details is-layout-flow wp-container-core-details-is-layout-22223934 wp-block-details-is-layout-flow\"><summary>Menthetek TikTok Story vide\u00f3kat Androidon?<\/summary>\n<p>Abszol\u00fat. A TikTok sztorilet\u00f6lt\u0151 z\u00f6kken\u0151mentesen m\u0171k\u00f6dik Android telefonokon b\u00f6ng\u00e9sz\u0151n kereszt\u00fcl. A legjobb \u00e9lm\u00e9ny \u00e9rdek\u00e9ben let\u00f6ltheted az UnduhVideoTik Android alkalmaz\u00e1st a Google Play \u00c1ruh\u00e1zb\u00f3l is.<\/p>\n<\/details>\n\n\n\n<details class=\"wp-block-details is-layout-flow wp-container-core-details-is-layout-22223934 wp-block-details-is-layout-flow\"><summary>Ingyenesen haszn\u00e1lhat\u00f3 a TikTok Story Downloader?<\/summary>\n<p>Igen! Az UnduhVideoTik t\u00f6rt\u00e9netlet\u00f6lt\u0151je ingyenes \u2013 nincsenek el\u0151fizet\u00e9sek, nincsenek rejtett k\u00f6lts\u00e9gek. \u00dagy tervezt\u00e9k, hogy seg\u00edtsen a felhaszn\u00e1l\u00f3knak tartalmakat menteni szem\u00e9lyes haszn\u00e1latra.<\/p>\n<\/details>\n\n\n\n<details class=\"wp-block-details is-layout-flow wp-container-core-details-is-layout-22223934 wp-block-details-is-layout-flow\"><summary>Leg\u00e1lis let\u00f6lteni a TT t\u00f6rt\u00e9neteket?<\/summary>\n<p>A TT t\u00f6rt\u00e9netek szem\u00e9lyes haszn\u00e1latra t\u00f6rt\u00e9n\u0151 let\u00f6lt\u00e9se \u00e1ltal\u00e1ban megengedett. Azonban valaki m\u00e1s tartalm\u00e1nak enged\u00e9ly n\u00e9lk\u00fcli \u00fajrafelt\u00f6lt\u00e9se vagy terjeszt\u00e9se s\u00e9rtheti a szerz\u0151i jogi ir\u00e1nyelveket. K\u00e9rj\u00fck, mindig tartsd tiszteletben az eredeti alkot\u00f3 jogait.<\/p>\n<\/details>\n\n\n\n<blockquote class=\"wp-block-quote has-palette-color-5-background-color has-background has-small-font-size is-layout-flow wp-block-quote-is-layout-flow\">\n<p><strong>Fontos megjegyz\u00e9s:<\/strong> UnduhVideoTik (<em>TikTok t\u00f6rt\u00e9net let\u00f6lt\u0151<\/em>) nem a TikTok eszk\u00f6ze, \u00e9s semmilyen kapcsolatban nem \u00e1llunk a TikTokkal vagy a ByteDance Ltd.-vel. K\u00e9rj\u00fck, ne s\u00e9rtsd meg m\u00e1sok szerz\u0151i jogait, amikor az UnduhVideoTik eszk\u00f6z\u00fcnket haszn\u00e1lod. Ha probl\u00e9m\u00e1id vannak olyan oldalakkal, mint a SnapTik, a TikMate, az SSSTikTok vagy a TikTokio, pr\u00f3b\u00e1ld ki az UnduhVideoTik-et! Folyamatosan friss\u00edtj\u00fck, hogy a felhaszn\u00e1l\u00f3k k\u00f6nnyen let\u00f6lthess\u00e9k a TikTok t\u00f6rt\u00e9neteket INGYENESEN. K\u00f6sz\u00f6nj\u00fck!<\/p>\n<\/blockquote>","protected":false},"excerpt":{"rendered":"<p>Download TikTok Stories TikTok Stories Downloader without Watermark Download With the usage of our service, you\u2019re accepting our Terms of Usage. Download TikTok Stories Online \u2014 Fast, Free &amp; No Watermark Looking to download TikTok stories quickly and without watermarks? UnduhVideoTik.App provides a complete, user-friendly solution for saving TikTok story videos directly to your device. [&hellip;]<\/p>\n","protected":false},"author":1,"featured_media":467,"parent":0,"menu_order":0,"comment_status":"closed","ping_status":"closed","template":"","meta":{"footnotes":""},"class_list":["post-380","page","type-page","status-publish","has-post-thumbnail","hentry"],"blocksy_meta":{"has_hero_section":"disabled","styles_descriptor":{"styles":{"desktop":"","tablet":"","mobile":""},"google_fonts":[],"version":6}},"yoast_head":"<!-- This site is optimized with the Yoast SEO plugin v27.2 - https:\/\/yoast.com\/product\/yoast-seo-wordpress\/ -->\n<title>Download Tik Tok Story - TikTok Story Downloader Free in HD<\/title>\n<meta name=\"description\" content=\"Download TikTok stories for free without watermarks. Save your favorite TikTok stories in HD video format quickly, easily, and without any additional apps!\" \/>\n<meta name=\"robots\" content=\"index, follow, max-snippet:-1, max-image-preview:large, max-video-preview:-1\" \/>\n<link rel=\"canonical\" href=\"https:\/\/unduhvideotik.app\/hu_hu\/tiktok-story\/\" \/>\n<meta property=\"og:locale\" content=\"hu_HU\" \/>\n<meta property=\"og:type\" content=\"article\" \/>\n<meta property=\"og:title\" content=\"Download Tik Tok Story - TikTok Story Downloader Free in HD\" \/>\n<meta property=\"og:description\" content=\"Download TikTok stories for free without watermarks. Save your favorite TikTok stories in HD video format quickly, easily, and without any additional apps!\" \/>\n<meta property=\"og:url\" content=\"https:\/\/unduhvideotik.app\/hu_hu\/tiktok-story\/\" \/>\n<meta property=\"og:site_name\" content=\"UnduhVideoTik.App\" \/>\n<meta property=\"article:modified_time\" content=\"2025-08-29T15:23:51+00:00\" \/>\n<meta property=\"og:image\" content=\"https:\/\/unduhvideotik.app\/wp-content\/uploads\/2025\/08\/unduhstoriestikthumb.jpg\" \/>\n\t<meta property=\"og:image:width\" content=\"1225\" \/>\n\t<meta property=\"og:image:height\" content=\"723\" \/>\n\t<meta property=\"og:image:type\" content=\"image\/jpeg\" \/>\n<meta name=\"twitter:card\" content=\"summary_large_image\" \/>\n<script type=\"application\/ld+json\" class=\"yoast-schema-graph\">{\"@context\":\"https:\/\/schema.org\",\"@graph\":[{\"@type\":\"WebPage\",\"@id\":\"https:\/\/unduhvideotik.app\/id\/tiktok-story\/\",\"url\":\"https:\/\/unduhvideotik.app\/id\/tiktok-story\/\",\"name\":\"Download Tik Tok Story - TikTok Story Downloader Free in HD\",\"isPartOf\":{\"@id\":\"https:\/\/unduhvideotik.app\/ru\/#website\"},\"primaryImageOfPage\":{\"@id\":\"https:\/\/unduhvideotik.app\/id\/tiktok-story\/#primaryimage\"},\"image\":{\"@id\":\"https:\/\/unduhvideotik.app\/id\/tiktok-story\/#primaryimage\"},\"thumbnailUrl\":\"https:\/\/unduhvideotik.app\/wp-content\/uploads\/2025\/08\/unduhstoriestikthumb.jpg\",\"datePublished\":\"2025-07-22T02:49:11+00:00\",\"dateModified\":\"2025-08-29T15:23:51+00:00\",\"description\":\"Download TikTok stories for free without watermarks. Save your favorite TikTok stories in HD video format quickly, easily, and without any additional apps!\",\"breadcrumb\":{\"@id\":\"https:\/\/unduhvideotik.app\/id\/tiktok-story\/#breadcrumb\"},\"inLanguage\":\"hu\",\"potentialAction\":[{\"@type\":\"ReadAction\",\"target\":[\"https:\/\/unduhvideotik.app\/id\/tiktok-story\/\"]}]},{\"@type\":\"ImageObject\",\"inLanguage\":\"hu\",\"@id\":\"https:\/\/unduhvideotik.app\/id\/tiktok-story\/#primaryimage\",\"url\":\"https:\/\/unduhvideotik.app\/wp-content\/uploads\/2025\/08\/unduhstoriestikthumb.jpg\",\"contentUrl\":\"https:\/\/unduhvideotik.app\/wp-content\/uploads\/2025\/08\/unduhstoriestikthumb.jpg\",\"width\":1225,\"height\":723,\"caption\":\"Unduhstoriestikthumb\"},{\"@type\":\"BreadcrumbList\",\"@id\":\"https:\/\/unduhvideotik.app\/id\/tiktok-story\/#breadcrumb\",\"itemListElement\":[{\"@type\":\"ListItem\",\"position\":1,\"name\":\"Home\",\"item\":\"https:\/\/unduhvideotik.app\/ru\/\"},{\"@type\":\"ListItem\",\"position\":2,\"name\":\"Download TikTok Stories\"}]},{\"@type\":\"WebSite\",\"@id\":\"https:\/\/unduhvideotik.app\/ru\/#website\",\"url\":\"https:\/\/unduhvideotik.app\/ru\/\",\"name\":\"UnduhVideoTik.App\",\"description\":\"\",\"potentialAction\":[{\"@type\":\"SearchAction\",\"target\":{\"@type\":\"EntryPoint\",\"urlTemplate\":\"https:\/\/unduhvideotik.app\/ru\/?s={search_term_string}\"},\"query-input\":{\"@type\":\"PropertyValueSpecification\",\"valueRequired\":true,\"valueName\":\"search_term_string\"}}],\"inLanguage\":\"hu\"}]}<\/script>\n<!-- \/ Yoast SEO plugin. -->","yoast_head_json":{"title":"T\u00f6ltsd le a TikTok Story-t - TikTok Story Downloader ingyen HD min\u0151s\u00e9gben","description":"T\u00f6lts le ingyen TikTok t\u00f6rt\u00e9neteket v\u00edzjel n\u00e9lk\u00fcl. Mentsd el kedvenc TikTok t\u00f6rt\u00e9neteidet HD video form\u00e1tumban gyorsan, egyszer\u0171en \u00e9s tov\u00e1bbi alkalmaz\u00e1sok n\u00e9lk\u00fcl!","robots":{"index":"index","follow":"follow","max-snippet":"max-snippet:-1","max-image-preview":"max-image-preview:large","max-video-preview":"max-video-preview:-1"},"canonical":"https:\/\/unduhvideotik.app\/hu_hu\/tiktok-story\/","og_locale":"hu_HU","og_type":"article","og_title":"Download Tik Tok Story - TikTok Story Downloader Free in HD","og_description":"Download TikTok stories for free without watermarks. Save your favorite TikTok stories in HD video format quickly, easily, and without any additional apps!","og_url":"https:\/\/unduhvideotik.app\/hu_hu\/tiktok-story\/","og_site_name":"UnduhVideoTik.App","article_modified_time":"2025-08-29T15:23:51+00:00","og_image":[{"width":1225,"height":723,"url":"https:\/\/unduhvideotik.app\/wp-content\/uploads\/2025\/08\/unduhstoriestikthumb.jpg","type":"image\/jpeg"}],"twitter_card":"summary_large_image","schema":{"@context":"https:\/\/schema.org","@graph":[{"@type":"WebPage","@id":"https:\/\/unduhvideotik.app\/id\/tiktok-story\/","url":"https:\/\/unduhvideotik.app\/id\/tiktok-story\/","name":"T\u00f6ltsd le a TikTok Story-t - TikTok Story Downloader ingyen HD min\u0151s\u00e9gben","isPartOf":{"@id":"https:\/\/unduhvideotik.app\/ru\/#website"},"primaryImageOfPage":{"@id":"https:\/\/unduhvideotik.app\/id\/tiktok-story\/#primaryimage"},"image":{"@id":"https:\/\/unduhvideotik.app\/id\/tiktok-story\/#primaryimage"},"thumbnailUrl":"https:\/\/unduhvideotik.app\/wp-content\/uploads\/2025\/08\/unduhstoriestikthumb.jpg","datePublished":"2025-07-22T02:49:11+00:00","dateModified":"2025-08-29T15:23:51+00:00","description":"T\u00f6lts le ingyen TikTok t\u00f6rt\u00e9neteket v\u00edzjel n\u00e9lk\u00fcl. Mentsd el kedvenc TikTok t\u00f6rt\u00e9neteidet HD video form\u00e1tumban gyorsan, egyszer\u0171en \u00e9s tov\u00e1bbi alkalmaz\u00e1sok n\u00e9lk\u00fcl!","breadcrumb":{"@id":"https:\/\/unduhvideotik.app\/id\/tiktok-story\/#breadcrumb"},"inLanguage":"hu","potentialAction":[{"@type":"ReadAction","target":["https:\/\/unduhvideotik.app\/id\/tiktok-story\/"]}]},{"@type":"ImageObject","inLanguage":"hu","@id":"https:\/\/unduhvideotik.app\/id\/tiktok-story\/#primaryimage","url":"https:\/\/unduhvideotik.app\/wp-content\/uploads\/2025\/08\/unduhstoriestikthumb.jpg","contentUrl":"https:\/\/unduhvideotik.app\/wp-content\/uploads\/2025\/08\/unduhstoriestikthumb.jpg","width":1225,"height":723,"caption":"Unduhstoriestikthumb"},{"@type":"BreadcrumbList","@id":"https:\/\/unduhvideotik.app\/id\/tiktok-story\/#breadcrumb","itemListElement":[{"@type":"ListItem","position":1,"name":"Home","item":"https:\/\/unduhvideotik.app\/ru\/"},{"@type":"ListItem","position":2,"name":"Download TikTok Stories"}]},{"@type":"WebSite","@id":"https:\/\/unduhvideotik.app\/ru\/#website","url":"https:\/\/unduhvideotik.app\/ru\/","name":"UnduhVideoTik.App","description":"","potentialAction":[{"@type":"SearchAction","target":{"@type":"EntryPoint","urlTemplate":"https:\/\/unduhvideotik.app\/ru\/?s={search_term_string}"},"query-input":{"@type":"PropertyValueSpecification","valueRequired":true,"valueName":"search_term_string"}}],"inLanguage":"hu"}]}},"_links":{"self":[{"href":"https:\/\/unduhvideotik.app\/hu_hu\/wp-json\/wp\/v2\/pages\/380","targetHints":{"allow":["GET"]}}],"collection":[{"href":"https:\/\/unduhvideotik.app\/hu_hu\/wp-json\/wp\/v2\/pages"}],"about":[{"href":"https:\/\/unduhvideotik.app\/hu_hu\/wp-json\/wp\/v2\/types\/page"}],"author":[{"embeddable":true,"href":"https:\/\/unduhvideotik.app\/hu_hu\/wp-json\/wp\/v2\/users\/1"}],"replies":[{"embeddable":true,"href":"https:\/\/unduhvideotik.app\/hu_hu\/wp-json\/wp\/v2\/comments?post=380"}],"version-history":[{"count":0,"href":"https:\/\/unduhvideotik.app\/hu_hu\/wp-json\/wp\/v2\/pages\/380\/revisions"}],"wp:featuredmedia":[{"embeddable":true,"href":"https:\/\/unduhvideotik.app\/hu_hu\/wp-json\/wp\/v2\/media\/467"}],"wp:attachment":[{"href":"https:\/\/unduhvideotik.app\/hu_hu\/wp-json\/wp\/v2\/media?parent=380"}],"curies":[{"name":"munkaf\u00fczet","href":"https:\/\/api.w.org\/{rel}","templated":true}]}}