{"id":402,"date":"2025-07-24T19:52:27","date_gmt":"2025-07-24T12:52:27","guid":{"rendered":"https:\/\/unduhvideotik.app\/?page_id=402"},"modified":"2025-08-29T22:26:02","modified_gmt":"2025-08-29T15:26:02","slug":"tiktokio","status":"publish","type":"page","link":"https:\/\/unduhvideotik.app\/fr\/tiktokio\/","title":{"rendered":"TikTokio"},"content":{"rendered":"<div class=\"wp-block-group alignfull has-deep-blue-gradient-background has-background is-layout-constrained wp-block-group-is-layout-constrained\">\n<div class=\"hero-section is-width-constrained\" data-type=\"type-1\">\n<header class=\"entry-header\">\n<h1 class=\"page-title\">TikTokio\u00a0: T\u00e9l\u00e9chargez la vid\u00e9o TikTok en ligne<\/h1>\n<\/header>\n<\/div>\n<p>T\u00e9l\u00e9chargeur vid\u00e9o TikTokio sans filigrane<\/p>\n\n<form id=\"tik-form\" action=\"\">\n  <input type=\"url\" name=\"tikurl\" placeholder=\"Ins\u00e9rer le lien tiktok ici\" required \/>\n  <button type=\"submit\">T\u00e9l\u00e9charger<\/button>\n<input type=\"hidden\" name=\"trp-form-language\" value=\"fr\"\/><\/form>\n\n<p style=\"font-size: 0.85em; text-align: center; color: #fff;\">\n  En utilisant notre service, vous acceptez nos <a href=\"#terms\" style=\"color: #fff; text-decoration: none;\">Conditions d&#039;utilisation<\/a>.\n<\/p>\n\n<div id=\"ads-above-output\">\n  <!-- Place AdSense block here -->\n<\/div>\n\n\n\n<script>\ndocument.addEventListener('DOMContentLoaded', function () {\n  let retryCount = 0;\n  const form = document.getElementById('tik-form');\n  const output = document.getElementById('output-section');\n\n  form.addEventListener('submit', function (e) {\n    e.preventDefault();\n    retryCount = 0;\n    showProgress();\n  });\n\n  function showProgress() {\n  output.innerHTML = `\n    <div style=\"margin-top:15px; text-align: center;\">\n      <progress max=\"100\" value=\"0\" id=\"progressBar\" style=\"width:50%;\"><\/progress>\n      <p style=\"margin-top: 10px;\">We are downloading the video. Please wait :)<\/p>\n    <\/div>\n  `;\n  let val = 0;\n  const bar = document.getElementById('progressBar');\n  const timer = setInterval(() => {\n    val += 10;\n    bar.value = val;\n    if (val >= 100) {\n      clearInterval(timer);\n      showError();\n    }\n  }, 1000);\n}\n\nfunction showError() {\n  retryCount++;\n  if (retryCount === 1) {\n    output.innerHTML = `\n      <div style=\"text-align: center;\">\n        <p>Something went wrong \ud83d\ude15 We couldn't download this content.<\/p>\n        <button id=\"retryBtn\" style=\"\n          padding: 10px 20px;\n          background-color: #0073e6;\n          color: #fff;\n          border: none;\n          border-radius: 4px;\n          cursor: pointer;\">Retry<\/button>\n      <\/div>\n    `;\n    document.getElementById('retryBtn').addEventListener('click', showProgress);\n  } else {\n    const buttonURL = atob(\"aHR0cHM6Ly9wbGF5Lmdvb2dsZS5jb20vc3RvcmUvYXBwcy9kZXZlbG9wZXI\/aWQ9VGlrVG9rK1B0ZS4rTHRkLiZobD1lbg==\");\n\n    output.innerHTML = `\n      <div style=\"text-align: center;\">\n        <p>Something went wrong \ud83d\ude15 We couldn't download this content.<\/p>\n        <p>\ud83d\udc49 Try this alternative external site:<\/p>\n        <div style=\"margin-top: 10px;\">\n          <button style=\"\n            padding: 10px 20px;\n            background-color: #0073e6;\n            color: #fff;\n            border: none;\n            border-radius: 4px;\n            cursor: pointer;\"\n    onclick=\"window.open('${buttonURL}', '_blank', 'noopener,noreferrer,nofollow')\">\n    TikTok Downloader\n          <\/button>\n        <\/div>\n<span style=\"font-size: 12px; color: #888;\">\n  *We are not affiliated with any external sites that appear in search results.\n<\/span>\n      <\/div>\n    `;\n  }\n}\n});\n<\/script>\n<\/div>\n\n\n\n<div id=\"output-section\" style=\"margin-top:20px;\"><\/div>\n\n\n\n<h3 class=\"wp-block-heading\">TikTokio Tiktok T\u00e9l\u00e9chargeur en ligne<\/h3>\n\n\n\n<p>TikTokio est un outil puissant et convivial qui vous permet de t\u00e9l\u00e9charger gratuitement des vid\u00e9os TikTok video sans filigrane. Que vous souhaitiez enregistrer vos vid\u00e9os TikTok video au format MP4 ou MP3 haute qualit\u00e9, TikTokio vous offre la solution la plus simple\u00a0: sans installer d&#039;application ni d&#039;extension.<\/p>\n\n\n\n<p>Compatible sur tous les appareils (Android, iPhone, Windows et macOS), TikTokocom simplifie le t\u00e9l\u00e9chargement des TikTok video. M\u00eame pour les nouveaux utilisateurs qui souhaitent <a href=\"https:\/\/unduhvideotik.app\/fr\/\" title=\"t\u00e9l\u00e9charger TikTok video\">t\u00e9l\u00e9charger TikTok video<\/a> vous trouverez l&#039;interface intuitive et rapide.<\/p>\n\n\n\n<h2 class=\"wp-block-heading has-text-align-center\">Comment t\u00e9l\u00e9charger des vid\u00e9os TikTok \u00e0 l&#039;aide de TikTokio<\/h2>\n\n\n\n<hr class=\"wp-block-separator has-alpha-channel-opacity has-ethernal-constance-gradient-background has-background is-style-wide\"\/>\n\n\n\n<p>Suivez ces \u00e9tapes simples pour utiliser TikTokio pour t\u00e9l\u00e9charger TikTok videos sans filigrane en quelques clics\u00a0:<\/p>\n\n\n\n<p><strong>\u00c9tape 1\u00a0: Ouvrez le t\u00e9l\u00e9chargeur TikTokio\u00a0:<\/strong> Lancez votre navigateur Web pr\u00e9f\u00e9r\u00e9 et acc\u00e9dez \u00e0 l&#039;outil officiel TikTokio sur UnduhVideoTik.App.<\/p>\n\n\n\n<p><strong>\u00c9tape 2\u00a0: Copiez l\u2019URL de la vid\u00e9o TikTok\u00a0:<\/strong> Ouvrez l&#039;application TikTok ou acc\u00e9dez-y via votre navigateur. Trouvez le video que vous souhaitez t\u00e9l\u00e9charger et appuyez sur Partager \u2192 Copier le lien. Sur ordinateur, vous pouvez \u00e9galement copier le lien depuis la barre d&#039;adresse du navigateur.<\/p>\n\n\n\n<figure class=\"wp-block-image aligncenter size-large\"><img loading=\"lazy\" decoding=\"async\" width=\"1024\" height=\"589\" src=\"https:\/\/unduhvideotik.app\/wp-content\/uploads\/2025\/07\/uvtikapp-checkout-the-video-download-link-1024x589.webp\" alt=\"Uvtikapp consultez le lien de t\u00e9l\u00e9chargement video\" class=\"wp-image-403\" srcset=\"https:\/\/unduhvideotik.app\/wp-content\/uploads\/2025\/07\/uvtikapp-checkout-the-video-download-link-1024x589.webp 1024w, https:\/\/unduhvideotik.app\/wp-content\/uploads\/2025\/07\/uvtikapp-checkout-the-video-download-link-300x172.webp 300w, https:\/\/unduhvideotik.app\/wp-content\/uploads\/2025\/07\/uvtikapp-checkout-the-video-download-link-768x441.webp 768w, https:\/\/unduhvideotik.app\/wp-content\/uploads\/2025\/07\/uvtikapp-checkout-the-video-download-link-18x10.webp 18w, https:\/\/unduhvideotik.app\/wp-content\/uploads\/2025\/07\/uvtikapp-checkout-the-video-download-link.webp 1129w\" sizes=\"auto, (max-width: 1024px) 100vw, 1024px\" \/><\/figure>\n\n\n\n<p><strong>\u00c9tape 3\u00a0: Collez le lien dans TikTokio\u00a0:<\/strong> Revenez au t\u00e9l\u00e9chargeur TikTokio et collez l&#039;URL TikTok video copi\u00e9e dans la barre de recherche en haut de la page d&#039;accueil.<\/p>\n\n\n\n<p><strong>\u00c9tape 4\u00a0: Cliquez sur \u00ab\u00a0T\u00e9l\u00e9charger\u00a0\u00bb\u00a0:<\/strong> Appuyez ou cliquez sur le bouton \u00ab\u00a0T\u00e9l\u00e9charger\u00a0\u00bb. TikTokio traitera le lien TikTok video et le r\u00e9cup\u00e9rera sur les serveurs.<\/p>\n\n\n\n<p><strong>\u00c9tape 5\u00a0: Choisissez votre format\u00a0:<\/strong> Plusieurs options de t\u00e9l\u00e9chargement s&#039;afficheront, telles que MP4 (avec filigrane), MP4 (sans filigrane) et MP3 (audio uniquement). Choisissez le format qui vous convient.<\/p>\n\n\n\n<p><strong>\u00c9tape 6\u00a0: Enregistrez le fichier\u00a0:<\/strong> Une fois le t\u00e9l\u00e9chargement pr\u00eat, s\u00e9lectionnez un dossier sur votre appareil et enregistrez le fichier pour une utilisation hors ligne.<\/p>\n\n\n\n<p>C&#039;est fait\u00a0! Vous avez t\u00e9l\u00e9charg\u00e9 avec succ\u00e8s une vid\u00e9o TikTok video avec TikTokio.<\/p>\n\n\n\n<h2 class=\"wp-block-heading has-text-align-center\">Comment t\u00e9l\u00e9charger des fichiers MP3 TikTok avec l&#039;outil MP3 TikTokio<\/h2>\n\n\n\n<hr class=\"wp-block-separator has-alpha-channel-opacity has-ethernal-constance-gradient-background has-background is-style-wide\"\/>\n\n\n\n<p>Besoin uniquement de l&#039;audio d&#039;un TikTok video\u00a0? TikTokiocom prend \u00e9galement en charge les t\u00e9l\u00e9chargements MP3. Voici comment\u00a0:<\/p>\n\n\n\n<ol class=\"wp-block-list\">\n<li><strong>Copiez le <strong>TikTok <\/strong>Lien vid\u00e9o<\/strong> \u2014 Ouvrez le TikTok video et appuyez sur Partager \u2192 Copier le lien.<\/li>\n\n\n\n<li><strong>Aller sur TikTokio<\/strong> \u2014 Ouvrez le site dans votre navigateur et visitez notre outil tiktokio sur unduhvideotik.app.<\/li>\n\n\n\n<li><strong>Coller le lien<\/strong> \u2014 Saisissez l\u2019URL tIKtOK video dans la zone de saisie TikTokio.<\/li>\n\n\n\n<li><strong>S\u00e9lectionnez \u00ab\u00a0T\u00e9l\u00e9charger MP3\u00a0\u00bb<\/strong> \u2014 Choisissez le format T\u00e9l\u00e9charger MP3 pour commencer la conversion audio TikTokio et le t\u00e9l\u00e9chargement MP3.<\/li>\n\n\n\n<li><strong>T\u00e9l\u00e9charger l&#039;audio<\/strong> \u2014 Enregistrez le fichier MP3 sur votre appareil et profitez-en hors ligne.<\/li>\n<\/ol>\n\n\n\n<p>Que vous cr\u00e9iez une playlist ou que vous enregistriez de la musique de fond, TikTokio vous simplifie la t\u00e2che. Veillez \u00e0 respecter les droits d&#039;auteur lorsque vous utilisez des fichiers audio de TikTok.<\/p>\n\n\n\n<h2 class=\"wp-block-heading has-text-align-center\">FAQ TikTokio<\/h2>\n\n\n\n<hr class=\"wp-block-separator has-alpha-channel-opacity has-ethernal-constance-gradient-background has-background is-style-wide\"\/>\n\n\n\n<details class=\"wp-block-details is-layout-flow wp-container-core-details-is-layout-22223934 wp-block-details-is-layout-flow\"><summary>Puis-je t\u00e9l\u00e9charger des vid\u00e9os TikTok au format MP3 avec TikTokio ?<\/summary>\n<p>Oui. TikTokio prend en charge la conversion des video TikTok en MP3 et le t\u00e9l\u00e9chargement des video TikTok. Collez simplement l&#039;URL video, cliquez sur \u00ab\u00a0T\u00e9l\u00e9charger\u00a0\u00bb et s\u00e9lectionnez \u00ab\u00a0MP3\u00a0\u00bb. Votre audio sera pr\u00eat en quelques secondes.<\/p>\n<\/details>\n\n\n\n<details class=\"wp-block-details is-layout-flow wp-container-core-details-is-layout-22223934 wp-block-details-is-layout-flow\"><summary>TikTokio Downloader stocke-t-il les vid\u00e9os t\u00e9l\u00e9charg\u00e9es\u00a0?<\/summary>\n<p>Non, TikTokio Downloader ne stocke ni n&#039;archive les vid\u00e9os video t\u00e9l\u00e9charg\u00e9es. Tous les t\u00e9l\u00e9chargements sont trait\u00e9s en temps r\u00e9el et supprim\u00e9s imm\u00e9diatement apr\u00e8s leur envoi. Votre vie priv\u00e9e est enti\u00e8rement prot\u00e9g\u00e9e.<\/p>\n<\/details>\n\n\n\n<details class=\"wp-block-details is-layout-flow wp-container-core-details-is-layout-22223934 wp-block-details-is-layout-flow\"><summary>Dois-je installer un logiciel pour utiliser TikTokio\u00a0?<\/summary>\n<p>Aucune installation n&#039;est requise. TikTokio est un t\u00e9l\u00e9chargeur TikTok enti\u00e8rement bas\u00e9 sur le Web, compatible avec tous les navigateurs modernes\u00a0; aucune application, aucun plugin ni aucune extension ne sont requis.<\/p>\n<\/details>\n\n\n\n<details class=\"wp-block-details is-layout-flow wp-container-core-details-is-layout-22223934 wp-block-details-is-layout-flow\"><summary>TikTokio pour t\u00e9l\u00e9charger des vid\u00e9os TikTok est-il gratuit ?<\/summary>\n<p>Oui ! TikTokio est enti\u00e8rement gratuit, sans limite de t\u00e9l\u00e9chargement de TikTok video ou de MP3. Vous pouvez l&#039;utiliser aussi souvent que vous le souhaitez, sans frais ni abonnement.<\/p>\n<\/details>\n\n\n\n<details class=\"wp-block-details is-layout-flow wp-container-core-details-is-layout-22223934 wp-block-details-is-layout-flow\"><summary>Puis-je t\u00e9l\u00e9charger des vid\u00e9os TikTok illimit\u00e9es avec TikTokio\u00a0?<\/summary>\n<p>Absolument. Il n&#039;y a aucune restriction\u00a0: vous pouvez t\u00e9l\u00e9charger autant de vid\u00e9os TikTok video et de sons que vous le souhaitez sur TikTokio, que ce soit pour un usage personnel, un visionnage hors ligne ou un partage avec vos amis.<\/p>\n<\/details>\n\n\n\n<details class=\"wp-block-details is-layout-flow wp-container-core-details-is-layout-22223934 wp-block-details-is-layout-flow\"><summary>Comment utiliser TikTokio pour t\u00e9l\u00e9charger des vid\u00e9os TikTok sans filigrane\u00a0?<\/summary>\n<p>Voici un bref r\u00e9capitulatif :<\/p>\n\n\n\n<ul class=\"wp-block-list\">\n<li>Visitez unduhvideotik.app<\/li>\n\n\n\n<li>Copiez le lien TikTok video<\/li>\n\n\n\n<li>Collez-le dans la zone de recherche TikTokio<\/li>\n\n\n\n<li>S\u00e9lectionnez l&#039;option Sans filigrane<\/li>\n\n\n\n<li>Cliquez sur T\u00e9l\u00e9charger<\/li>\n<\/ul>\n\n\n\n<p>Profitez d&#039;un TikTok video propre et de haute qualit\u00e9 sans filigrane.<\/p>\n<\/details>\n\n\n\n<details class=\"wp-block-details is-layout-flow wp-container-core-details-is-layout-22223934 wp-block-details-is-layout-flow\"><summary>Et si TikTokio ne fonctionnait pas ?<\/summary>\n<p>Si vous rencontrez des probl\u00e8mes avec TikTokio, envisagez d&#039;essayer un t\u00e9l\u00e9chargeur TikTok video alternatif tel que le t\u00e9l\u00e9chargeur UnduhVideoTik, qui offre des fonctionnalit\u00e9s similaires, notamment les t\u00e9l\u00e9chargements TikTok MP4 et MP3 sans filigrane.<\/p>\n<\/details>\n\n\n\n<blockquote class=\"wp-block-quote has-palette-color-5-background-color has-background has-small-font-size is-layout-flow wp-block-quote-is-layout-flow\">\n<p><strong>Remarque importante :<\/strong> TikTokio n&#039;est affili\u00e9 ni \u00e0 TikTok ni \u00e0 ByteDance Ltd. Veuillez vous assurer de respecter les lois sur la propri\u00e9t\u00e9 du contenu et les droits d&#039;auteur lorsque vous utilisez des m\u00e9dias t\u00e9l\u00e9charg\u00e9s. Nous am\u00e9liorons constamment l&#039;exp\u00e9rience de TikTokio pour vous permettre de t\u00e9l\u00e9charger librement et facilement des vid\u00e9os TikTok video et des fichiers audio, o\u00f9 que vous soyez et \u00e0 tout moment.<\/p>\n<\/blockquote>","protected":false},"excerpt":{"rendered":"<p>TikTokio: Download TikTok Video Online TikTokio Video Downloader without Watermark Download With the usage of our service, you\u2019re accepting our Terms of Usage. TikTokio Tiktok Downloader Online TikTokio is a powerful and user-friendly tool that lets you download TikTok videos without watermark, completely free. Whether you&#8217;re looking to save TikTok videos in high-quality MP4 or [&hellip;]<\/p>\n","protected":false},"author":1,"featured_media":469,"parent":0,"menu_order":0,"comment_status":"closed","ping_status":"closed","template":"","meta":{"footnotes":""},"class_list":["post-402","page","type-page","status-publish","has-post-thumbnail","hentry"],"blocksy_meta":{"has_hero_section":"disabled","styles_descriptor":{"styles":{"desktop":"","tablet":"","mobile":""},"google_fonts":[],"version":6}},"yoast_head":"<!-- This site is optimized with the Yoast SEO plugin v27.2 - https:\/\/yoast.com\/product\/yoast-seo-wordpress\/ -->\n<title>TikTokio: Download TikTok Videos without Watermark - TikTokio MP3 &amp; MP4 Download<\/title>\n<meta name=\"description\" content=\"TikTokio Downloader is free to download TikTok videos without watermarks. Easily save high-quality MP4 or MP3 files on any device without an app!\" \/>\n<meta name=\"robots\" content=\"index, follow, max-snippet:-1, max-image-preview:large, max-video-preview:-1\" \/>\n<link rel=\"canonical\" href=\"https:\/\/unduhvideotik.app\/fr\/tiktokio\/\" \/>\n<meta property=\"og:locale\" content=\"fr_FR\" \/>\n<meta property=\"og:type\" content=\"article\" \/>\n<meta property=\"og:title\" content=\"TikTokio: Download TikTok Videos without Watermark - TikTokio MP3 &amp; MP4 Download\" \/>\n<meta property=\"og:description\" content=\"TikTokio Downloader is free to download TikTok videos without watermarks. Easily save high-quality MP4 or MP3 files on any device without an app!\" \/>\n<meta property=\"og:url\" content=\"https:\/\/unduhvideotik.app\/fr\/tiktokio\/\" \/>\n<meta property=\"og:site_name\" content=\"UnduhVideoTik.App\" \/>\n<meta property=\"article:modified_time\" content=\"2025-08-29T15:26:02+00:00\" \/>\n<meta property=\"og:image\" content=\"https:\/\/unduhvideotik.app\/wp-content\/uploads\/2025\/08\/unduhtiktokiothumb.jpg\" \/>\n\t<meta property=\"og:image:width\" content=\"1225\" \/>\n\t<meta property=\"og:image:height\" content=\"723\" \/>\n\t<meta property=\"og:image:type\" content=\"image\/jpeg\" \/>\n<meta name=\"twitter:card\" content=\"summary_large_image\" \/>\n<script type=\"application\/ld+json\" class=\"yoast-schema-graph\">{\"@context\":\"https:\/\/schema.org\",\"@graph\":[{\"@type\":\"WebPage\",\"@id\":\"https:\/\/unduhvideotik.app\/ro\/tiktokio\/\",\"url\":\"https:\/\/unduhvideotik.app\/ro\/tiktokio\/\",\"name\":\"TikTokio: Download TikTok Videos without Watermark - TikTokio MP3 & MP4 Download\",\"isPartOf\":{\"@id\":\"https:\/\/unduhvideotik.app\/ru\/#website\"},\"primaryImageOfPage\":{\"@id\":\"https:\/\/unduhvideotik.app\/ro\/tiktokio\/#primaryimage\"},\"image\":{\"@id\":\"https:\/\/unduhvideotik.app\/ro\/tiktokio\/#primaryimage\"},\"thumbnailUrl\":\"https:\/\/unduhvideotik.app\/wp-content\/uploads\/2025\/08\/unduhtiktokiothumb.jpg\",\"datePublished\":\"2025-07-24T12:52:27+00:00\",\"dateModified\":\"2025-08-29T15:26:02+00:00\",\"description\":\"TikTokio Downloader is free to download TikTok videos without watermarks. Easily save high-quality MP4 or MP3 files on any device without an app!\",\"breadcrumb\":{\"@id\":\"https:\/\/unduhvideotik.app\/ro\/tiktokio\/#breadcrumb\"},\"inLanguage\":\"fr-FR\",\"potentialAction\":[{\"@type\":\"ReadAction\",\"target\":[\"https:\/\/unduhvideotik.app\/ro\/tiktokio\/\"]}]},{\"@type\":\"ImageObject\",\"inLanguage\":\"fr-FR\",\"@id\":\"https:\/\/unduhvideotik.app\/ro\/tiktokio\/#primaryimage\",\"url\":\"https:\/\/unduhvideotik.app\/wp-content\/uploads\/2025\/08\/unduhtiktokiothumb.jpg\",\"contentUrl\":\"https:\/\/unduhvideotik.app\/wp-content\/uploads\/2025\/08\/unduhtiktokiothumb.jpg\",\"width\":1225,\"height\":723,\"caption\":\"Unduhtiktokiothumb\"},{\"@type\":\"BreadcrumbList\",\"@id\":\"https:\/\/unduhvideotik.app\/ro\/tiktokio\/#breadcrumb\",\"itemListElement\":[{\"@type\":\"ListItem\",\"position\":1,\"name\":\"Home\",\"item\":\"https:\/\/unduhvideotik.app\/ru\/\"},{\"@type\":\"ListItem\",\"position\":2,\"name\":\"TikTokio\"}]},{\"@type\":\"WebSite\",\"@id\":\"https:\/\/unduhvideotik.app\/ru\/#website\",\"url\":\"https:\/\/unduhvideotik.app\/ru\/\",\"name\":\"UnduhVideoTik.App\",\"description\":\"\",\"potentialAction\":[{\"@type\":\"SearchAction\",\"target\":{\"@type\":\"EntryPoint\",\"urlTemplate\":\"https:\/\/unduhvideotik.app\/ru\/?s={search_term_string}\"},\"query-input\":{\"@type\":\"PropertyValueSpecification\",\"valueRequired\":true,\"valueName\":\"search_term_string\"}}],\"inLanguage\":\"fr-FR\"}]}<\/script>\n<!-- \/ Yoast SEO plugin. -->","yoast_head_json":{"title":"TikTokio\u00a0: T\u00e9l\u00e9chargez des vid\u00e9os TikTok sans filigrane\u00a0- T\u00e9l\u00e9chargement MP3 et MP4 TikTokio","description":"TikTokio Downloader permet de t\u00e9l\u00e9charger gratuitement des vid\u00e9os TikTok videos sans filigrane. Enregistrez facilement des fichiers MP4 ou MP3 de haute qualit\u00e9 sur n&#039;importe quel appareil, sans application\u00a0!","robots":{"index":"index","follow":"follow","max-snippet":"max-snippet:-1","max-image-preview":"max-image-preview:large","max-video-preview":"max-video-preview:-1"},"canonical":"https:\/\/unduhvideotik.app\/fr\/tiktokio\/","og_locale":"fr_FR","og_type":"article","og_title":"TikTokio: Download TikTok Videos without Watermark - TikTokio MP3 & MP4 Download","og_description":"TikTokio Downloader is free to download TikTok videos without watermarks. Easily save high-quality MP4 or MP3 files on any device without an app!","og_url":"https:\/\/unduhvideotik.app\/fr\/tiktokio\/","og_site_name":"UnduhVideoTik.App","article_modified_time":"2025-08-29T15:26:02+00:00","og_image":[{"width":1225,"height":723,"url":"https:\/\/unduhvideotik.app\/wp-content\/uploads\/2025\/08\/unduhtiktokiothumb.jpg","type":"image\/jpeg"}],"twitter_card":"summary_large_image","schema":{"@context":"https:\/\/schema.org","@graph":[{"@type":"WebPage","@id":"https:\/\/unduhvideotik.app\/ro\/tiktokio\/","url":"https:\/\/unduhvideotik.app\/ro\/tiktokio\/","name":"TikTokio\u00a0: T\u00e9l\u00e9chargez des vid\u00e9os TikTok sans filigrane\u00a0- T\u00e9l\u00e9chargement MP3 et MP4 TikTokio","isPartOf":{"@id":"https:\/\/unduhvideotik.app\/ru\/#website"},"primaryImageOfPage":{"@id":"https:\/\/unduhvideotik.app\/ro\/tiktokio\/#primaryimage"},"image":{"@id":"https:\/\/unduhvideotik.app\/ro\/tiktokio\/#primaryimage"},"thumbnailUrl":"https:\/\/unduhvideotik.app\/wp-content\/uploads\/2025\/08\/unduhtiktokiothumb.jpg","datePublished":"2025-07-24T12:52:27+00:00","dateModified":"2025-08-29T15:26:02+00:00","description":"TikTokio Downloader permet de t\u00e9l\u00e9charger gratuitement des vid\u00e9os TikTok videos sans filigrane. Enregistrez facilement des fichiers MP4 ou MP3 de haute qualit\u00e9 sur n&#039;importe quel appareil, sans application\u00a0!","breadcrumb":{"@id":"https:\/\/unduhvideotik.app\/ro\/tiktokio\/#breadcrumb"},"inLanguage":"fr-FR","potentialAction":[{"@type":"ReadAction","target":["https:\/\/unduhvideotik.app\/ro\/tiktokio\/"]}]},{"@type":"ImageObject","inLanguage":"fr-FR","@id":"https:\/\/unduhvideotik.app\/ro\/tiktokio\/#primaryimage","url":"https:\/\/unduhvideotik.app\/wp-content\/uploads\/2025\/08\/unduhtiktokiothumb.jpg","contentUrl":"https:\/\/unduhvideotik.app\/wp-content\/uploads\/2025\/08\/unduhtiktokiothumb.jpg","width":1225,"height":723,"caption":"Unduhtiktokiothumb"},{"@type":"BreadcrumbList","@id":"https:\/\/unduhvideotik.app\/ro\/tiktokio\/#breadcrumb","itemListElement":[{"@type":"ListItem","position":1,"name":"Home","item":"https:\/\/unduhvideotik.app\/ru\/"},{"@type":"ListItem","position":2,"name":"TikTokio"}]},{"@type":"WebSite","@id":"https:\/\/unduhvideotik.app\/ru\/#website","url":"https:\/\/unduhvideotik.app\/ru\/","name":"T\u00e9l\u00e9chargez VideoTik.App","description":"","potentialAction":[{"@type":"SearchAction","target":{"@type":"EntryPoint","urlTemplate":"https:\/\/unduhvideotik.app\/ru\/?s={search_term_string}"},"query-input":{"@type":"PropertyValueSpecification","valueRequired":true,"valueName":"search_term_string"}}],"inLanguage":"fr-FR"}]}},"_links":{"self":[{"href":"https:\/\/unduhvideotik.app\/fr\/wp-json\/wp\/v2\/pages\/402","targetHints":{"allow":["GET"]}}],"collection":[{"href":"https:\/\/unduhvideotik.app\/fr\/wp-json\/wp\/v2\/pages"}],"about":[{"href":"https:\/\/unduhvideotik.app\/fr\/wp-json\/wp\/v2\/types\/page"}],"author":[{"embeddable":true,"href":"https:\/\/unduhvideotik.app\/fr\/wp-json\/wp\/v2\/users\/1"}],"replies":[{"embeddable":true,"href":"https:\/\/unduhvideotik.app\/fr\/wp-json\/wp\/v2\/comments?post=402"}],"version-history":[{"count":0,"href":"https:\/\/unduhvideotik.app\/fr\/wp-json\/wp\/v2\/pages\/402\/revisions"}],"wp:featuredmedia":[{"embeddable":true,"href":"https:\/\/unduhvideotik.app\/fr\/wp-json\/wp\/v2\/media\/469"}],"wp:attachment":[{"href":"https:\/\/unduhvideotik.app\/fr\/wp-json\/wp\/v2\/media?parent=402"}],"curies":[{"name":"wp","href":"https:\/\/api.w.org\/{rel}","templated":true}]}}