{"id":402,"date":"2025-07-24T19:52:27","date_gmt":"2025-07-24T12:52:27","guid":{"rendered":"https:\/\/unduhvideotik.app\/?page_id=402"},"modified":"2025-08-29T22:26:02","modified_gmt":"2025-08-29T15:26:02","slug":"tiktokio","status":"publish","type":"page","link":"https:\/\/unduhvideotik.app\/es\/tiktokio\/","title":{"rendered":"TikTokio"},"content":{"rendered":"<div class=\"wp-block-group alignfull has-deep-blue-gradient-background has-background is-layout-constrained wp-block-group-is-layout-constrained\">\n<div class=\"hero-section is-width-constrained\" data-type=\"type-1\">\n<header class=\"entry-header\">\n<h1 class=\"page-title\">TikTokio: descarga videos de TikTok en l\u00ednea<\/h1>\n<\/header>\n<\/div>\n<p>Descargador de videos TikTokio sin marca de agua<\/p>\n\n<form id=\"tik-form\" action=\"\">\n  <input type=\"url\" name=\"tikurl\" placeholder=\"Inserte el enlace tiktok aqu\u00ed\" required \/>\n  <button type=\"submit\">Descargar<\/button>\n<input type=\"hidden\" name=\"trp-form-language\" value=\"es\"\/><\/form>\n\n<p style=\"font-size: 0.85em; text-align: center; color: #fff;\">\n  Al utilizar nuestro servicio, usted acepta nuestros t\u00e9rminos y condiciones. <a href=\"#terms\" style=\"color: #fff; text-decoration: none;\">Condiciones de uso<\/a>.\n<\/p>\n\n<div id=\"ads-above-output\">\n  <!-- Place AdSense block here -->\n<\/div>\n\n\n\n<script>\ndocument.addEventListener('DOMContentLoaded', function () {\n  let retryCount = 0;\n  const form = document.getElementById('tik-form');\n  const output = document.getElementById('output-section');\n\n  form.addEventListener('submit', function (e) {\n    e.preventDefault();\n    retryCount = 0;\n    showProgress();\n  });\n\n  function showProgress() {\n  output.innerHTML = `\n    <div style=\"margin-top:15px; text-align: center;\">\n      <progress max=\"100\" value=\"0\" id=\"progressBar\" style=\"width:50%;\"><\/progress>\n      <p style=\"margin-top: 10px;\">We are downloading the video. Please wait :)<\/p>\n    <\/div>\n  `;\n  let val = 0;\n  const bar = document.getElementById('progressBar');\n  const timer = setInterval(() => {\n    val += 10;\n    bar.value = val;\n    if (val >= 100) {\n      clearInterval(timer);\n      showError();\n    }\n  }, 1000);\n}\n\nfunction showError() {\n  retryCount++;\n  if (retryCount === 1) {\n    output.innerHTML = `\n      <div style=\"text-align: center;\">\n        <p>Something went wrong \ud83d\ude15 We couldn't download this content.<\/p>\n        <button id=\"retryBtn\" style=\"\n          padding: 10px 20px;\n          background-color: #0073e6;\n          color: #fff;\n          border: none;\n          border-radius: 4px;\n          cursor: pointer;\">Retry<\/button>\n      <\/div>\n    `;\n    document.getElementById('retryBtn').addEventListener('click', showProgress);\n  } else {\n    const buttonURL = atob(\"aHR0cHM6Ly9wbGF5Lmdvb2dsZS5jb20vc3RvcmUvYXBwcy9kZXZlbG9wZXI\/aWQ9VGlrVG9rK1B0ZS4rTHRkLiZobD1lbg==\");\n\n    output.innerHTML = `\n      <div style=\"text-align: center;\">\n        <p>Something went wrong \ud83d\ude15 We couldn't download this content.<\/p>\n        <p>\ud83d\udc49 Try this alternative external site:<\/p>\n        <div style=\"margin-top: 10px;\">\n          <button style=\"\n            padding: 10px 20px;\n            background-color: #0073e6;\n            color: #fff;\n            border: none;\n            border-radius: 4px;\n            cursor: pointer;\"\n    onclick=\"window.open('${buttonURL}', '_blank', 'noopener,noreferrer,nofollow')\">\n    TikTok Downloader\n          <\/button>\n        <\/div>\n<span style=\"font-size: 12px; color: #888;\">\n  *We are not affiliated with any external sites that appear in search results.\n<\/span>\n      <\/div>\n    `;\n  }\n}\n});\n<\/script>\n<\/div>\n\n\n\n<div id=\"output-section\" style=\"margin-top:20px;\"><\/div>\n\n\n\n<h3 class=\"wp-block-heading\">Descargador de TikTokio Tiktok en l\u00ednea<\/h3>\n\n\n\n<p>TikTokio es una herramienta potente e intuitiva que te permite descargar v\u00eddeos de TikTok sin marca de agua, completamente gratis. Si quieres guardar v\u00eddeos de TikTok en MP4 o MP3 de alta calidad, TikTokio te ofrece una de las maneras m\u00e1s f\u00e1ciles de hacerlo: sin instalar aplicaciones ni extensiones.<\/p>\n\n\n\n<p>Compatible con todos los dispositivos (Android, iPhone, Windows y macOS), TikTok.com facilita la descarga de TikTok videos. Incluso los usuarios nuevos que quieran... <a href=\"https:\/\/unduhvideotik.app\/es\/\" title=\"Descargar TikTok video\">Descargar TikTok video<\/a> Encontrar\u00e1 la interfaz intuitiva y r\u00e1pida.<\/p>\n\n\n\n<h2 class=\"wp-block-heading has-text-align-center\">C\u00f3mo descargar v\u00eddeos de TikTok usando TikTokio<\/h2>\n\n\n\n<hr class=\"wp-block-separator has-alpha-channel-opacity has-ethernal-constance-gradient-background has-background is-style-wide\"\/>\n\n\n\n<p>Sigue estos sencillos pasos para usar TikTokio para descargar TikTok videos sin marca de agua en solo unos pocos clics:<\/p>\n\n\n\n<p><strong>Paso 1: abre el descargador de TikTokio:<\/strong> Abra su navegador web preferido y vaya a la herramienta oficial TikTokio en UnduhVideoTik.App.<\/p>\n\n\n\n<p><strong>Paso 2: Copia la URL del video de TikTok:<\/strong> Abre la app de TikTok o accede a ella desde el navegador. Busca el archivo video que quieres descargar y pulsa Compartir \u2192 Copiar enlace. En la versi\u00f3n de escritorio, tambi\u00e9n puedes copiar el enlace desde la barra de direcciones del navegador.<\/p>\n\n\n\n<figure class=\"wp-block-image aligncenter size-large\"><img loading=\"lazy\" decoding=\"async\" width=\"1024\" height=\"589\" src=\"https:\/\/unduhvideotik.app\/wp-content\/uploads\/2025\/07\/uvtikapp-checkout-the-video-download-link-1024x589.webp\" alt=\"Uvtikapp consulta el enlace de descarga video\" class=\"wp-image-403\" srcset=\"https:\/\/unduhvideotik.app\/wp-content\/uploads\/2025\/07\/uvtikapp-checkout-the-video-download-link-1024x589.webp 1024w, https:\/\/unduhvideotik.app\/wp-content\/uploads\/2025\/07\/uvtikapp-checkout-the-video-download-link-300x172.webp 300w, https:\/\/unduhvideotik.app\/wp-content\/uploads\/2025\/07\/uvtikapp-checkout-the-video-download-link-768x441.webp 768w, https:\/\/unduhvideotik.app\/wp-content\/uploads\/2025\/07\/uvtikapp-checkout-the-video-download-link-18x10.webp 18w, https:\/\/unduhvideotik.app\/wp-content\/uploads\/2025\/07\/uvtikapp-checkout-the-video-download-link.webp 1129w\" sizes=\"auto, (max-width: 1024px) 100vw, 1024px\" \/><\/figure>\n\n\n\n<p><strong>Paso 3: Pegue el enlace en TikTokio:<\/strong> Regrese al descargador de TikTokio y pegue la URL de TikTok video copiada en la barra de b\u00fasqueda en la parte superior de la p\u00e1gina de inicio.<\/p>\n\n\n\n<p><strong>Paso 4: Haga clic en &quot;Descargar&quot;:<\/strong> Toca o haz clic en el bot\u00f3n Descargar. TikTokio procesar\u00e1 el enlace video de TikTok y lo recuperar\u00e1 de los servidores.<\/p>\n\n\n\n<p><strong>Paso 5: Elige tu formato:<\/strong> Se te presentar\u00e1n opciones de descarga, como MP4 (con marca de agua), MP4 (sin marca de agua) y MP3 (solo audio). Elige el formato que prefieras.<\/p>\n\n\n\n<p><strong>Paso 6: Guardar el archivo:<\/strong> Una vez que la descarga est\u00e9 lista, seleccione una carpeta en su dispositivo y guarde el archivo para usarlo sin conexi\u00f3n.<\/p>\n\n\n\n<p>\u00a1Listo! Has descargado correctamente un TikTok video con TikTokio.<\/p>\n\n\n\n<h2 class=\"wp-block-heading has-text-align-center\">C\u00f3mo descargar MP3 de TikTok con la herramienta TikTokio MP3<\/h2>\n\n\n\n<hr class=\"wp-block-separator has-alpha-channel-opacity has-ethernal-constance-gradient-background has-background is-style-wide\"\/>\n\n\n\n<p>\u00bfNecesitas solo el audio de un TikTok video? TikTokiocom tambi\u00e9n permite descargar MP3. Aqu\u00ed te explicamos c\u00f3mo:<\/p>\n\n\n\n<ol class=\"wp-block-list\">\n<li><strong>Copiar el <strong>TikTok <\/strong>Enlace de v\u00eddeo<\/strong> \u2014 Abre TikTok video y pulsa Compartir \u2192 Copiar enlace.<\/li>\n\n\n\n<li><strong>Ir a TikTokio<\/strong> \u2014 Abra el sitio en su navegador y visite nuestra herramienta tiktokio en unduhvideotik.app.<\/li>\n\n\n\n<li><strong>Pegar el enlace<\/strong> \u2014 Ingrese la URL de tIKtOK video en el cuadro de entrada de TikTokio.<\/li>\n\n\n\n<li><strong>Seleccione \u201cDescargar MP3\u201d<\/strong> \u2014 Elija el formato de descarga MP3 para comenzar la conversi\u00f3n de audio de TikTokio y la descarga de MP3.<\/li>\n\n\n\n<li><strong>Descargar el audio<\/strong> \u2014 Guarde el archivo MP3 en su dispositivo y disfr\u00fatelo sin conexi\u00f3n.<\/li>\n<\/ol>\n\n\n\n<p>Ya sea que est\u00e9s creando una lista de reproducci\u00f3n o guardando m\u00fasica de fondo, TikTokio lo facilita. Aseg\u00farate de respetar las leyes de derechos de autor al usar audio de TT.<\/p>\n\n\n\n<h2 class=\"wp-block-heading has-text-align-center\">Preguntas frecuentes sobre TikTokio<\/h2>\n\n\n\n<hr class=\"wp-block-separator has-alpha-channel-opacity has-ethernal-constance-gradient-background has-background is-style-wide\"\/>\n\n\n\n<details class=\"wp-block-details is-layout-flow wp-container-core-details-is-layout-22223934 wp-block-details-is-layout-flow\"><summary>\u00bfPuedo descargar v\u00eddeos de TikTok en formato MP3 con TikTokio?<\/summary>\n<p>S\u00ed. TikTokio permite convertir v\u00eddeos de TikTok a MP3 y descargarlos. Solo tienes que pegar la URL, pulsar &quot;Descargar&quot; y seleccionar MP3. Tu audio estar\u00e1 listo en segundos.<\/p>\n<\/details>\n\n\n\n<details class=\"wp-block-details is-layout-flow wp-container-core-details-is-layout-22223934 wp-block-details-is-layout-flow\"><summary>\u00bfTikTokio Downloader almacena los v\u00eddeos descargados?<\/summary>\n<p>No, el descargador de TikTokio no almacena ni archiva los archivos video descargados. Todas las descargas se procesan en tiempo real y se descartan inmediatamente despu\u00e9s de su entrega. Tu privacidad est\u00e1 totalmente protegida.<\/p>\n<\/details>\n\n\n\n<details class=\"wp-block-details is-layout-flow wp-container-core-details-is-layout-22223934 wp-block-details-is-layout-flow\"><summary>\u00bfNecesito instalar alg\u00fan software para usar TikTokio?<\/summary>\n<p>No requiere instalaci\u00f3n. TikTokio es un descargador de TikTok totalmente web que funciona en cualquier navegador moderno, sin necesidad de aplicaciones, plugins ni extensiones.<\/p>\n<\/details>\n\n\n\n<details class=\"wp-block-details is-layout-flow wp-container-core-details-is-layout-22223934 wp-block-details-is-layout-flow\"><summary>\u00bfTikTokio para descargar videos de TikTok es gratuito?<\/summary>\n<p>\u00a1S\u00ed! TikTokio es totalmente gratis, sin l\u00edmite de descargas de TikTok ni MP3. Puedes usarlo tantas veces como quieras sin cargos ni suscripciones.<\/p>\n<\/details>\n\n\n\n<details class=\"wp-block-details is-layout-flow wp-container-core-details-is-layout-22223934 wp-block-details-is-layout-flow\"><summary>\u00bfPuedo descargar v\u00eddeos de TikTok ilimitados con TikTokio?<\/summary>\n<p>Por supuesto. No hay restricciones: puedes descargar todos los TikTok video y sonidos que quieras usando TikTokio, ya sea para uso personal, para verlos sin conexi\u00f3n o para compartirlos con amigos.<\/p>\n<\/details>\n\n\n\n<details class=\"wp-block-details is-layout-flow wp-container-core-details-is-layout-22223934 wp-block-details-is-layout-flow\"><summary>\u00bfC\u00f3mo usar TikTokio para descargar v\u00eddeos de TikTok sin marca de agua?<\/summary>\n<p>He aqu\u00ed un breve resumen:<\/p>\n\n\n\n<ul class=\"wp-block-list\">\n<li>Visita unduhvideotik.app<\/li>\n\n\n\n<li>Copia el enlace de TikTok video<\/li>\n\n\n\n<li>P\u00e9galo en el cuadro de b\u00fasqueda de TikTokio<\/li>\n\n\n\n<li>Seleccione la opci\u00f3n Sin marca de agua<\/li>\n\n\n\n<li>Haga clic en Descargar<\/li>\n<\/ul>\n\n\n\n<p>Disfruta de un TikTok video limpio y de alta calidad sin la marca de agua.<\/p>\n<\/details>\n\n\n\n<details class=\"wp-block-details is-layout-flow wp-container-core-details-is-layout-22223934 wp-block-details-is-layout-flow\"><summary>\u00bfQu\u00e9 pasa si TikTokio no funciona?<\/summary>\n<p>Si tiene problemas con TikTokio, considere probar un descargador de TikTok video alternativo como el descargador UnduhVideoTik, que ofrece caracter\u00edsticas similares, incluidas descargas de TikTok MP4 y MP3 sin marca de agua.<\/p>\n<\/details>\n\n\n\n<blockquote class=\"wp-block-quote has-palette-color-5-background-color has-background has-small-font-size is-layout-flow wp-block-quote-is-layout-flow\">\n<p><strong>Nota importante:<\/strong> TikTokio no est\u00e1 afiliado a TikTok ni a ByteDance Ltd. Aseg\u00farate de respetar la propiedad del contenido y las leyes de derechos de autor al descargar cualquier archivo multimedia. Mejoramos constantemente la experiencia de TikTokio.com para que puedas descargar TikTok videos y audio de forma gratuita y sencilla, cuando y donde quieras.<\/p>\n<\/blockquote>","protected":false},"excerpt":{"rendered":"<p>TikTokio: Download TikTok Video Online TikTokio Video Downloader without Watermark Download With the usage of our service, you\u2019re accepting our Terms of Usage. TikTokio Tiktok Downloader Online TikTokio is a powerful and user-friendly tool that lets you download TikTok videos without watermark, completely free. Whether you&#8217;re looking to save TikTok videos in high-quality MP4 or [&hellip;]<\/p>\n","protected":false},"author":1,"featured_media":469,"parent":0,"menu_order":0,"comment_status":"closed","ping_status":"closed","template":"","meta":{"footnotes":""},"class_list":["post-402","page","type-page","status-publish","has-post-thumbnail","hentry"],"blocksy_meta":{"has_hero_section":"disabled","styles_descriptor":{"styles":{"desktop":"","tablet":"","mobile":""},"google_fonts":[],"version":6}},"yoast_head":"<!-- This site is optimized with the Yoast SEO plugin v27.2 - https:\/\/yoast.com\/product\/yoast-seo-wordpress\/ -->\n<title>TikTokio: Download TikTok Videos without Watermark - TikTokio MP3 &amp; MP4 Download<\/title>\n<meta name=\"description\" content=\"TikTokio Downloader is free to download TikTok videos without watermarks. Easily save high-quality MP4 or MP3 files on any device without an app!\" \/>\n<meta name=\"robots\" content=\"index, follow, max-snippet:-1, max-image-preview:large, max-video-preview:-1\" \/>\n<link rel=\"canonical\" href=\"https:\/\/unduhvideotik.app\/es\/tiktokio\/\" \/>\n<meta property=\"og:locale\" content=\"es_ES\" \/>\n<meta property=\"og:type\" content=\"article\" \/>\n<meta property=\"og:title\" content=\"TikTokio: Download TikTok Videos without Watermark - TikTokio MP3 &amp; MP4 Download\" \/>\n<meta property=\"og:description\" content=\"TikTokio Downloader is free to download TikTok videos without watermarks. Easily save high-quality MP4 or MP3 files on any device without an app!\" \/>\n<meta property=\"og:url\" content=\"https:\/\/unduhvideotik.app\/es\/tiktokio\/\" \/>\n<meta property=\"og:site_name\" content=\"UnduhVideoTik.App\" \/>\n<meta property=\"article:modified_time\" content=\"2025-08-29T15:26:02+00:00\" \/>\n<meta property=\"og:image\" content=\"https:\/\/unduhvideotik.app\/wp-content\/uploads\/2025\/08\/unduhtiktokiothumb.jpg\" \/>\n\t<meta property=\"og:image:width\" content=\"1225\" \/>\n\t<meta property=\"og:image:height\" content=\"723\" \/>\n\t<meta property=\"og:image:type\" content=\"image\/jpeg\" \/>\n<meta name=\"twitter:card\" content=\"summary_large_image\" \/>\n<script type=\"application\/ld+json\" class=\"yoast-schema-graph\">{\"@context\":\"https:\/\/schema.org\",\"@graph\":[{\"@type\":\"WebPage\",\"@id\":\"https:\/\/unduhvideotik.app\/ro\/tiktokio\/\",\"url\":\"https:\/\/unduhvideotik.app\/ro\/tiktokio\/\",\"name\":\"TikTokio: Download TikTok Videos without Watermark - TikTokio MP3 & MP4 Download\",\"isPartOf\":{\"@id\":\"https:\/\/unduhvideotik.app\/ru\/#website\"},\"primaryImageOfPage\":{\"@id\":\"https:\/\/unduhvideotik.app\/ro\/tiktokio\/#primaryimage\"},\"image\":{\"@id\":\"https:\/\/unduhvideotik.app\/ro\/tiktokio\/#primaryimage\"},\"thumbnailUrl\":\"https:\/\/unduhvideotik.app\/wp-content\/uploads\/2025\/08\/unduhtiktokiothumb.jpg\",\"datePublished\":\"2025-07-24T12:52:27+00:00\",\"dateModified\":\"2025-08-29T15:26:02+00:00\",\"description\":\"TikTokio Downloader is free to download TikTok videos without watermarks. Easily save high-quality MP4 or MP3 files on any device without an app!\",\"breadcrumb\":{\"@id\":\"https:\/\/unduhvideotik.app\/ro\/tiktokio\/#breadcrumb\"},\"inLanguage\":\"es\",\"potentialAction\":[{\"@type\":\"ReadAction\",\"target\":[\"https:\/\/unduhvideotik.app\/ro\/tiktokio\/\"]}]},{\"@type\":\"ImageObject\",\"inLanguage\":\"es\",\"@id\":\"https:\/\/unduhvideotik.app\/ro\/tiktokio\/#primaryimage\",\"url\":\"https:\/\/unduhvideotik.app\/wp-content\/uploads\/2025\/08\/unduhtiktokiothumb.jpg\",\"contentUrl\":\"https:\/\/unduhvideotik.app\/wp-content\/uploads\/2025\/08\/unduhtiktokiothumb.jpg\",\"width\":1225,\"height\":723,\"caption\":\"Unduhtiktokiothumb\"},{\"@type\":\"BreadcrumbList\",\"@id\":\"https:\/\/unduhvideotik.app\/ro\/tiktokio\/#breadcrumb\",\"itemListElement\":[{\"@type\":\"ListItem\",\"position\":1,\"name\":\"Home\",\"item\":\"https:\/\/unduhvideotik.app\/ru\/\"},{\"@type\":\"ListItem\",\"position\":2,\"name\":\"TikTokio\"}]},{\"@type\":\"WebSite\",\"@id\":\"https:\/\/unduhvideotik.app\/ru\/#website\",\"url\":\"https:\/\/unduhvideotik.app\/ru\/\",\"name\":\"UnduhVideoTik.App\",\"description\":\"\",\"potentialAction\":[{\"@type\":\"SearchAction\",\"target\":{\"@type\":\"EntryPoint\",\"urlTemplate\":\"https:\/\/unduhvideotik.app\/ru\/?s={search_term_string}\"},\"query-input\":{\"@type\":\"PropertyValueSpecification\",\"valueRequired\":true,\"valueName\":\"search_term_string\"}}],\"inLanguage\":\"es\"}]}<\/script>\n<!-- \/ Yoast SEO plugin. -->","yoast_head_json":{"title":"TikTokio: Descarga v\u00eddeos de TikTok sin marca de agua - Descarga MP3 y MP4 de TikTokio","description":"TikTokio Downloader te permite descargar TikTok videos gratis sin marca de agua. \u00a1Guarda f\u00e1cilmente archivos MP4 o MP3 de alta calidad en cualquier dispositivo sin necesidad de una app!","robots":{"index":"index","follow":"follow","max-snippet":"max-snippet:-1","max-image-preview":"max-image-preview:large","max-video-preview":"max-video-preview:-1"},"canonical":"https:\/\/unduhvideotik.app\/es\/tiktokio\/","og_locale":"es_ES","og_type":"article","og_title":"TikTokio: Download TikTok Videos without Watermark - TikTokio MP3 & MP4 Download","og_description":"TikTokio Downloader is free to download TikTok videos without watermarks. Easily save high-quality MP4 or MP3 files on any device without an app!","og_url":"https:\/\/unduhvideotik.app\/es\/tiktokio\/","og_site_name":"UnduhVideoTik.App","article_modified_time":"2025-08-29T15:26:02+00:00","og_image":[{"width":1225,"height":723,"url":"https:\/\/unduhvideotik.app\/wp-content\/uploads\/2025\/08\/unduhtiktokiothumb.jpg","type":"image\/jpeg"}],"twitter_card":"summary_large_image","schema":{"@context":"https:\/\/schema.org","@graph":[{"@type":"WebPage","@id":"https:\/\/unduhvideotik.app\/ro\/tiktokio\/","url":"https:\/\/unduhvideotik.app\/ro\/tiktokio\/","name":"TikTokio: Descarga v\u00eddeos de TikTok sin marca de agua - Descarga MP3 y MP4 de TikTokio","isPartOf":{"@id":"https:\/\/unduhvideotik.app\/ru\/#website"},"primaryImageOfPage":{"@id":"https:\/\/unduhvideotik.app\/ro\/tiktokio\/#primaryimage"},"image":{"@id":"https:\/\/unduhvideotik.app\/ro\/tiktokio\/#primaryimage"},"thumbnailUrl":"https:\/\/unduhvideotik.app\/wp-content\/uploads\/2025\/08\/unduhtiktokiothumb.jpg","datePublished":"2025-07-24T12:52:27+00:00","dateModified":"2025-08-29T15:26:02+00:00","description":"TikTokio Downloader te permite descargar TikTok videos gratis sin marca de agua. \u00a1Guarda f\u00e1cilmente archivos MP4 o MP3 de alta calidad en cualquier dispositivo sin necesidad de una app!","breadcrumb":{"@id":"https:\/\/unduhvideotik.app\/ro\/tiktokio\/#breadcrumb"},"inLanguage":"es","potentialAction":[{"@type":"ReadAction","target":["https:\/\/unduhvideotik.app\/ro\/tiktokio\/"]}]},{"@type":"ImageObject","inLanguage":"es","@id":"https:\/\/unduhvideotik.app\/ro\/tiktokio\/#primaryimage","url":"https:\/\/unduhvideotik.app\/wp-content\/uploads\/2025\/08\/unduhtiktokiothumb.jpg","contentUrl":"https:\/\/unduhvideotik.app\/wp-content\/uploads\/2025\/08\/unduhtiktokiothumb.jpg","width":1225,"height":723,"caption":"Unduhtiktokiothumb"},{"@type":"BreadcrumbList","@id":"https:\/\/unduhvideotik.app\/ro\/tiktokio\/#breadcrumb","itemListElement":[{"@type":"ListItem","position":1,"name":"Home","item":"https:\/\/unduhvideotik.app\/ru\/"},{"@type":"ListItem","position":2,"name":"TikTokio"}]},{"@type":"WebSite","@id":"https:\/\/unduhvideotik.app\/ru\/#website","url":"https:\/\/unduhvideotik.app\/ru\/","name":"Desbloquear VideoTik.App","description":"","potentialAction":[{"@type":"SearchAction","target":{"@type":"EntryPoint","urlTemplate":"https:\/\/unduhvideotik.app\/ru\/?s={search_term_string}"},"query-input":{"@type":"PropertyValueSpecification","valueRequired":true,"valueName":"search_term_string"}}],"inLanguage":"es"}]}},"_links":{"self":[{"href":"https:\/\/unduhvideotik.app\/es\/wp-json\/wp\/v2\/pages\/402","targetHints":{"allow":["GET"]}}],"collection":[{"href":"https:\/\/unduhvideotik.app\/es\/wp-json\/wp\/v2\/pages"}],"about":[{"href":"https:\/\/unduhvideotik.app\/es\/wp-json\/wp\/v2\/types\/page"}],"author":[{"embeddable":true,"href":"https:\/\/unduhvideotik.app\/es\/wp-json\/wp\/v2\/users\/1"}],"replies":[{"embeddable":true,"href":"https:\/\/unduhvideotik.app\/es\/wp-json\/wp\/v2\/comments?post=402"}],"version-history":[{"count":0,"href":"https:\/\/unduhvideotik.app\/es\/wp-json\/wp\/v2\/pages\/402\/revisions"}],"wp:featuredmedia":[{"embeddable":true,"href":"https:\/\/unduhvideotik.app\/es\/wp-json\/wp\/v2\/media\/469"}],"wp:attachment":[{"href":"https:\/\/unduhvideotik.app\/es\/wp-json\/wp\/v2\/media?parent=402"}],"curies":[{"name":"wp","href":"https:\/\/api.w.org\/{rel}","templated":true}]}}